{"id":42,"date":"2020-06-19T06:54:26","date_gmt":"2020-06-19T06:54:26","guid":{"rendered":"http:\/\/source.wpopal.com\/efway\/contact\/"},"modified":"2024-02-15T12:44:32","modified_gmt":"2024-02-15T12:44:32","slug":"yhteystiedot","status":"publish","type":"page","link":"https:\/\/helixtone.fi\/en\/yhteystiedot\/","title":{"rendered":"Contact Us"},"content":{"rendered":"<div data-elementor-type=\"wp-page\" data-elementor-id=\"42\" class=\"elementor elementor-42\">\n\t\t\t\t\t\t<section class=\"elementor-section elementor-top-section elementor-element elementor-element-246c1b1 elementor-section-boxed elementor-section-height-default elementor-section-height-default\" data-id=\"246c1b1\" data-element_type=\"section\" data-settings=\"{&quot;background_background&quot;:&quot;classic&quot;}\">\n\t\t\t\t\t\t<div class=\"elementor-container elementor-column-gap-no\">\n\t\t\t\t\t<div class=\"elementor-column elementor-col-50 elementor-top-column elementor-element elementor-element-adfcc14\" data-id=\"adfcc14\" data-element_type=\"column\">\n\t\t\t<div class=\"elementor-widget-wrap elementor-element-populated\">\n\t\t\t\t\t\t<div class=\"elementor-element elementor-element-bae5c29 elementor-widget elementor-widget-google_maps\" data-id=\"bae5c29\" data-element_type=\"widget\" data-widget_type=\"google_maps.default\">\n\t\t\t\t<div class=\"elementor-widget-container\">\n\t\t\t<style>\/*! elementor - v3.19.0 - 29-01-2024 *\/\n.elementor-widget-google_maps .elementor-widget-container{overflow:hidden}.elementor-widget-google_maps .elementor-custom-embed{line-height:0}.elementor-widget-google_maps iframe{height:300px}<\/style>\t\t<div class=\"elementor-custom-embed\">\n\t\t\t<iframe loading=\"lazy\"\n\t\t\t\t\tsrc=\"https:\/\/maps.google.com\/maps?q=Hyttitie%203%2C%2000700%20Helsinki&#038;t=m&#038;z=14&#038;output=embed&#038;iwloc=near\"\n\t\t\t\t\ttitle=\"Hyttitie 3, 00700 Helsinki\"\n\t\t\t\t\taria-label=\"Hyttitie 3, 00700 Helsinki\"\n\t\t\t><\/iframe>\n\t\t<\/div>\n\t\t\t\t<\/div>\n\t\t\t\t<\/div>\n\t\t\t\t\t<\/div>\n\t\t<\/div>\n\t\t\t\t<div class=\"elementor-column elementor-col-50 elementor-top-column elementor-element elementor-element-97d08c3\" data-id=\"97d08c3\" data-element_type=\"column\">\n\t\t\t<div class=\"elementor-widget-wrap elementor-element-populated\">\n\t\t\t\t\t\t<div class=\"elementor-element elementor-element-f8ad3d0 elementor-widget elementor-widget-heading\" data-id=\"f8ad3d0\" data-element_type=\"widget\" data-widget_type=\"heading.default\">\n\t\t\t\t<div class=\"elementor-widget-container\">\n\t\t\t<style>\/*! elementor - v3.19.0 - 29-01-2024 *\/\n.elementor-heading-title{padding:0;margin:0;line-height:1}.elementor-widget-heading .elementor-heading-title[class*=elementor-size-]>a{color:inherit;font-size:inherit;line-height:inherit}.elementor-widget-heading .elementor-heading-title.elementor-size-small{font-size:15px}.elementor-widget-heading .elementor-heading-title.elementor-size-medium{font-size:19px}.elementor-widget-heading .elementor-heading-title.elementor-size-large{font-size:29px}.elementor-widget-heading .elementor-heading-title.elementor-size-xl{font-size:39px}.elementor-widget-heading .elementor-heading-title.elementor-size-xxl{font-size:59px}<\/style><div class=\"elementor-heading-wrapper\" ><div class=\"elementor-heading-wrapper-inner\"><h4 class=\"elementor-heading-title elementor-size-default\">CONTACT US<\/h4><\/div><\/div>\t\t<\/div>\n\t\t\t\t<\/div>\n\t\t\t\t<div class=\"elementor-element elementor-element-6071476 elementor-widget elementor-widget-text-editor\" data-id=\"6071476\" data-element_type=\"widget\" data-widget_type=\"text-editor.default\">\n\t\t\t\t<div class=\"elementor-widget-container\">\n\t\t\t<style>\/*! elementor - v3.19.0 - 29-01-2024 *\/\n.elementor-widget-text-editor.elementor-drop-cap-view-stacked .elementor-drop-cap{background-color:#69727d;color:#fff}.elementor-widget-text-editor.elementor-drop-cap-view-framed .elementor-drop-cap{color:#69727d;border:3px solid;background-color:transparent}.elementor-widget-text-editor:not(.elementor-drop-cap-view-default) .elementor-drop-cap{margin-top:8px}.elementor-widget-text-editor:not(.elementor-drop-cap-view-default) .elementor-drop-cap-letter{width:1em;height:1em}.elementor-widget-text-editor .elementor-drop-cap{float:left;text-align:center;line-height:1;font-size:50px}.elementor-widget-text-editor .elementor-drop-cap-letter{display:inline-block}<\/style>        <div class=\"elementor-text-editor elementor-clearfix\">Please fill out the form below. All mandatory fields are marked *<\/div>\n        \t\t<\/div>\n\t\t\t\t<\/div>\n\t\t\t\t<div class=\"elementor-element elementor-element-2108755 elementor-wpcf7-button-primary elementor-wpcf7-button-md elementor-widget elementor-widget-opal-contactform7\" data-id=\"2108755\" data-element_type=\"widget\" data-widget_type=\"opal-contactform7.default\">\n\t\t\t\t<div class=\"elementor-widget-container\">\n\t\t\t\n<div class=\"wpcf7 no-js\" id=\"wpcf7-f1474-o1\" lang=\"en-US\" dir=\"ltr\">\n<div class=\"screen-reader-response\"><p role=\"status\" aria-live=\"polite\" aria-atomic=\"true\"><\/p> <ul><\/ul><\/div>\n<form action=\"\/en\/wp-json\/wp\/v2\/pages\/42#wpcf7-f1474-o1\" method=\"post\" class=\"wpcf7-form init\" aria-label=\"Contact form\" novalidate=\"novalidate\" data-status=\"init\" data-trp-original-action=\"\/en\/wp-json\/wp\/v2\/pages\/42#wpcf7-f1474-o1\">\n<div style=\"display: none;\">\n<input type=\"hidden\" name=\"_wpcf7\" value=\"1474\" \/>\n<input type=\"hidden\" name=\"_wpcf7_version\" value=\"5.8.7\" \/>\n<input type=\"hidden\" name=\"_wpcf7_locale\" value=\"en_US\" \/>\n<input type=\"hidden\" name=\"_wpcf7_unit_tag\" value=\"wpcf7-f1474-o1\" \/>\n<input type=\"hidden\" name=\"_wpcf7_container_post\" value=\"0\" \/>\n<input type=\"hidden\" name=\"_wpcf7_posted_data_hash\" value=\"\" \/>\n<\/div>\n<div class=\"row\">\n\t<div class=\"col-sm-12 mb-4\">\n\t\t<p><label class=\"typo-heading mb-2\">Name *<\/label><span class=\"wpcf7-form-control-wrap\" data-name=\"your-name\"><input size=\"40\" class=\"wpcf7-form-control wpcf7-text wpcf7-validates-as-required\" aria-required=\"true\" aria-invalid=\"false\" placeholder=\"your name\" value=\"\" type=\"text\" name=\"your-name\" \/><\/span>\n\t\t<\/p>\n\t<\/div>\n\t<div class=\"col-md-6 col-sm-12 mb-4\">\n\t\t<p><label class=\"typo-heading mb-2\">Telephone *<\/label><span class=\"wpcf7-form-control-wrap\" data-name=\"your-phone\"><input size=\"40\" class=\"wpcf7-form-control wpcf7-tel wpcf7-text wpcf7-validates-as-tel\" aria-invalid=\"false\" placeholder=\"your phone number\" value=\"\" type=\"tel\" name=\"your-phone\" \/><\/span>\n\t\t<\/p>\n\t<\/div>\n\t<div class=\"col-md-6 col-sm-12 mb-4\">\n\t\t<p><label class=\"typo-heading mb-2\">Email Address *<\/label><span class=\"wpcf7-form-control-wrap\" data-name=\"your-email\"><input size=\"40\" class=\"wpcf7-form-control wpcf7-email wpcf7-validates-as-required wpcf7-text wpcf7-validates-as-email\" aria-required=\"true\" aria-invalid=\"false\" placeholder=\"your email address\" value=\"\" type=\"email\" name=\"your-email\" \/><\/span>\n\t\t<\/p>\n\t<\/div>\n\t<div class=\"col-sm-12 mb-4\">\n\t\t<p><label class=\"typo-heading mb-2\">Message<\/label><span class=\"wpcf7-form-control-wrap\" data-name=\"your-message\"><textarea cols=\"40\" rows=\"3\" class=\"wpcf7-form-control wpcf7-textarea\" aria-invalid=\"false\" placeholder=\"your message\" name=\"your-message\"><\/textarea><\/span>\n\t\t<\/p>\n\t<\/div>\n\t<div class=\"col-sm-12 mb-4\">\n\t\t<p><input class=\"wpcf7-form-control wpcf7-submit has-spinner w-100\" type=\"submit\" value=\"SEND\" \/>\n\t\t<\/p>\n\t<\/div>\n<\/div><div class=\"wpcf7-response-output\" aria-hidden=\"true\"><\/div>\n<input type=\"hidden\" name=\"trp-form-language\" value=\"en\"\/><\/form>\n<\/div>\n\t\t<\/div>\n\t\t\t\t<\/div>\n\t\t\t\t\t<\/div>\n\t\t<\/div>\n\t\t\t\t\t<\/div>\n\t\t<\/section>\n\t\t\t\t<section class=\"elementor-section elementor-top-section elementor-element elementor-element-cbab528 elementor-section-boxed elementor-section-height-default elementor-section-height-default\" data-id=\"cbab528\" data-element_type=\"section\">\n\t\t\t\t\t\t<div class=\"elementor-container elementor-column-gap-no\">\n\t\t\t\t\t<div class=\"elementor-column elementor-col-25 elementor-top-column elementor-element elementor-element-c866c5c\" data-id=\"c866c5c\" data-element_type=\"column\">\n\t\t\t<div class=\"elementor-widget-wrap elementor-element-populated\">\n\t\t\t\t\t\t<div class=\"elementor-element elementor-element-184ec3c elementor-position-left elementor-view-default elementor-vertical-align-top elementor-widget elementor-widget-icon-box\" data-id=\"184ec3c\" data-element_type=\"widget\" data-widget_type=\"icon-box.default\">\n\t\t\t\t<div class=\"elementor-widget-container\">\n\t\t\t<link rel=\"stylesheet\" href=\"https:\/\/helixtone.fi\/wp-content\/plugins\/elementor\/assets\/css\/widget-icon-box.min.css\">        <div class=\"elementor-icon-box-wrapper\">\n                            <div class=\"elementor-icon-box-icon\">\n                    <span class=\"elementor-icon elementor-animation-\" >\n                        <i class=\"fa fa-map-marker\" aria-hidden=\"true\"><\/i>\n                    <\/span>\n                <\/div>\n                        <div class=\"elementor-icon-box-content\">\n                <div class=\"elementor-icon-header\">\n                                        <div class=\"elementor-icon-header-inner\">\n                        \n                        <h3 class=\"elementor-icon-box-title\">\n                            <span >\n                                Address                            <\/span>\n                        <\/h3>\n                    <\/div>\n                <\/div>\n                                    <p class=\"elementor-icon-box-description\">Hyttitie 3,\n00700 Helsinki<\/p>\n                            <\/div>\n        <\/div>\n\t\t\t\t<\/div>\n\t\t\t\t<\/div>\n\t\t\t\t\t<\/div>\n\t\t<\/div>\n\t\t\t\t<div class=\"elementor-column elementor-col-25 elementor-top-column elementor-element elementor-element-98d47b3\" data-id=\"98d47b3\" data-element_type=\"column\">\n\t\t\t<div class=\"elementor-widget-wrap elementor-element-populated\">\n\t\t\t\t\t\t<div class=\"elementor-element elementor-element-0372584 elementor-position-left elementor-view-default elementor-vertical-align-top elementor-widget elementor-widget-icon-box\" data-id=\"0372584\" data-element_type=\"widget\" data-widget_type=\"icon-box.default\">\n\t\t\t\t<div class=\"elementor-widget-container\">\n\t\t\t        <div class=\"elementor-icon-box-wrapper\">\n                            <div class=\"elementor-icon-box-icon\">\n                    <a class=\"elementor-icon elementor-animation-\" href=\"tel:  35844242 2523\">\n                        <i class=\"fa fa-phone\" aria-hidden=\"true\"><\/i>\n                    <\/a>\n                <\/div>\n                        <div class=\"elementor-icon-box-content\">\n                <div class=\"elementor-icon-header\">\n                                        <div class=\"elementor-icon-header-inner\">\n                        \n                        <h3 class=\"elementor-icon-box-title\">\n                            <a href=\"tel:  35844242 2523\">\n                                Telephone                            <\/a>\n                        <\/h3>\n                    <\/div>\n                <\/div>\n                                    <p class=\"elementor-icon-box-description\">(+358)  44 242 2523<\/p>\n                            <\/div>\n        <\/div>\n\t\t\t\t<\/div>\n\t\t\t\t<\/div>\n\t\t\t\t\t<\/div>\n\t\t<\/div>\n\t\t\t\t<div class=\"elementor-column elementor-col-25 elementor-top-column elementor-element elementor-element-d2e0d70\" data-id=\"d2e0d70\" data-element_type=\"column\">\n\t\t\t<div class=\"elementor-widget-wrap elementor-element-populated\">\n\t\t\t\t\t\t<div class=\"elementor-element elementor-element-11eee10 elementor-position-left elementor-view-default elementor-vertical-align-top elementor-widget elementor-widget-icon-box\" data-id=\"11eee10\" data-element_type=\"widget\" data-widget_type=\"icon-box.default\">\n\t\t\t\t<div class=\"elementor-widget-container\">\n\t\t\t        <div class=\"elementor-icon-box-wrapper\">\n                            <div class=\"elementor-icon-box-icon\">\n                    <a class=\"elementor-icon elementor-animation-\" href=\"mailto: info@helixtone.fi\">\n                        <i class=\"opal-icon-envelope\" aria-hidden=\"true\"><\/i>\n                    <\/a>\n                <\/div>\n                        <div class=\"elementor-icon-box-content\">\n                <div class=\"elementor-icon-header\">\n                                        <div class=\"elementor-icon-header-inner\">\n                        \n                        <h3 class=\"elementor-icon-box-title\">\n                            <a href=\"mailto: info@helixtone.fi\">\n                                Email Address                            <\/a>\n                        <\/h3>\n                    <\/div>\n                <\/div>\n                                    <p class=\"elementor-icon-box-description\">info@helixtone.fi<\/p>\n                            <\/div>\n        <\/div>\n\t\t\t\t<\/div>\n\t\t\t\t<\/div>\n\t\t\t\t\t<\/div>\n\t\t<\/div>\n\t\t\t\t<div class=\"elementor-column elementor-col-25 elementor-top-column elementor-element elementor-element-299eb8c\" data-id=\"299eb8c\" data-element_type=\"column\">\n\t\t\t<div class=\"elementor-widget-wrap elementor-element-populated\">\n\t\t\t\t\t\t<div class=\"elementor-element elementor-element-6d965ae elementor-position-left elementor-view-default elementor-vertical-align-top elementor-widget elementor-widget-icon-box\" data-id=\"6d965ae\" data-element_type=\"widget\" data-widget_type=\"icon-box.default\">\n\t\t\t\t<div class=\"elementor-widget-container\">\n\t\t\t        <div class=\"elementor-icon-box-wrapper\">\n                            <div class=\"elementor-icon-box-icon\">\n                    <span class=\"elementor-icon elementor-animation-\" >\n                        <i class=\"fa fa-clock-o\" aria-hidden=\"true\"><\/i>\n                    <\/span>\n                <\/div>\n                        <div class=\"elementor-icon-box-content\">\n                <div class=\"elementor-icon-header\">\n                                        <div class=\"elementor-icon-header-inner\">\n                        \n                        <h3 class=\"elementor-icon-box-title\">\n                            <span >\n                                Opening Hours                            <\/span>\n                        <\/h3>\n                    <\/div>\n                <\/div>\n                                    <p class=\"elementor-icon-box-description\">Monday - Friday: 8.00-18.00 \/ Saturday - Sunday: 10.00-17.00<\/p>\n                            <\/div>\n        <\/div>\n\t\t\t\t<\/div>\n\t\t\t\t<\/div>\n\t\t\t\t\t<\/div>\n\t\t<\/div>\n\t\t\t\t\t<\/div>\n\t\t<\/section>\n\t\t\t\t<\/div>","protected":false},"excerpt":{"rendered":"<p>Ota Meit\u00e4 Yhteytt\u00e4 T\u00e4yt\u00e4 alla oleva lomake. Pakolliset kent\u00e4t on merkitty * Nimi * Puhelinnumero * s\u00e4hk\u00f6postiosoite * Viesti Osoite Hyttitie 3, 00700 Helsinki Puhelinnumero (+358) 44 242 2523 S\u00e4hk\u00f6postiosoite info@helixtone.fi Aukioloajat Maanantai &#8211; Perjantai: 8.00-18.00 Lauantai &#8211; Sunnuntai 10.00-17.00<\/p>","protected":false},"author":1,"featured_media":0,"parent":0,"menu_order":0,"comment_status":"closed","ping_status":"closed","template":"","meta":{"inline_featured_image":false,"_monsterinsights_skip_tracking":false,"_monsterinsights_sitenote_active":false,"_monsterinsights_sitenote_note":"","_monsterinsights_sitenote_category":0,"footnotes":""},"class_list":["post-42","page","type-page","status-publish","hentry"],"aioseo_notices":[],"_links":{"self":[{"href":"https:\/\/helixtone.fi\/en\/wp-json\/wp\/v2\/pages\/42","targetHints":{"allow":["GET"]}}],"collection":[{"href":"https:\/\/helixtone.fi\/en\/wp-json\/wp\/v2\/pages"}],"about":[{"href":"https:\/\/helixtone.fi\/en\/wp-json\/wp\/v2\/types\/page"}],"author":[{"embeddable":true,"href":"https:\/\/helixtone.fi\/en\/wp-json\/wp\/v2\/users\/1"}],"replies":[{"embeddable":true,"href":"https:\/\/helixtone.fi\/en\/wp-json\/wp\/v2\/comments?post=42"}],"version-history":[{"count":10,"href":"https:\/\/helixtone.fi\/en\/wp-json\/wp\/v2\/pages\/42\/revisions"}],"predecessor-version":[{"id":2372,"href":"https:\/\/helixtone.fi\/en\/wp-json\/wp\/v2\/pages\/42\/revisions\/2372"}],"wp:attachment":[{"href":"https:\/\/helixtone.fi\/en\/wp-json\/wp\/v2\/media?parent=42"}],"curies":[{"name":"wp","href":"https:\/\/api.w.org\/{rel}","templated":true}]}}